{"id":3040,"date":"2023-07-21T16:57:05","date_gmt":"2023-07-21T16:57:05","guid":{"rendered":"https:\/\/lapamparelais.com\/?page_id=3040"},"modified":"2023-07-21T17:00:58","modified_gmt":"2023-07-21T17:00:58","slug":"termini-e-condizioni","status":"publish","type":"page","link":"https:\/\/lapamparelais.com\/en\/termini-e-condizioni\/","title":{"rendered":"Termini e condizioni"},"content":{"rendered":"<div data-elementor-type=\"wp-page\" data-elementor-id=\"3040\" class=\"elementor elementor-3040\" data-elementor-post-type=\"page\">\n\t\t\t\t\t\t\t<div class=\"elementor-element elementor-element-63603db e-flex e-con-boxed e-con\" data-id=\"63603db\" data-element_type=\"container\" data-settings=\"{&quot;content_width&quot;:&quot;boxed&quot;}\">\n\t\t\t\t\t<div class=\"e-con-inner\">\n\t\t\t\t<div class=\"elementor-element elementor-element-eed753f elementor-widget elementor-widget-text-editor\" data-id=\"eed753f\" data-element_type=\"widget\" data-widget_type=\"text-editor.default\">\n\t\t\t\t<div class=\"elementor-widget-container\">\n\t\t\t<style>\/*! elementor - v3.15.0 - 31-07-2023 *\/\n.elementor-widget-text-editor.elementor-drop-cap-view-stacked .elementor-drop-cap{background-color:#69727d;color:#fff}.elementor-widget-text-editor.elementor-drop-cap-view-framed .elementor-drop-cap{color:#69727d;border:3px solid;background-color:transparent}.elementor-widget-text-editor:not(.elementor-drop-cap-view-default) .elementor-drop-cap{margin-top:8px}.elementor-widget-text-editor:not(.elementor-drop-cap-view-default) .elementor-drop-cap-letter{width:1em;height:1em}.elementor-widget-text-editor .elementor-drop-cap{float:left;text-align:center;line-height:1;font-size:50px}.elementor-widget-text-editor .elementor-drop-cap-letter{display:inline-block}<\/style>\t\t\t\t<h2 class=\"p1\" style=\"text-align: center;\"><span class=\"s1\">Termini e condizioni<\/span><\/h2><p class=\"p2\" style=\"text-align: center;\"><span class=\"s1\">L\u2019accettazione del preventivo comporta l\u2019aver preso visione e accettato i termini e le condizioni qui riportate.<\/span><\/p><h2 class=\"p1\" style=\"text-align: center;\"><span class=\"s1\">Politiche di cancellazione<\/span><\/h2><p class=\"p2\" style=\"text-align: center;\"><span class=\"s1\">Le richieste di cancellazione dovranno pervenire obbligatoriamente via e-mail all\u2019indirizzo info@lapamparelais.it<\/span><\/p><p>\u00a0<\/p><h3 class=\"p2\" style=\"text-align: center;\"><span class=\"s1\"><b>Tariffa non rimborsabile:<\/b><\/span><\/h3><p style=\"text-align: center;\"><span class=\"s4\">In caso di modifiche o cancellazione della prenotazione sar\u00e0 applicata la penale del 100% dell&#8217;importo del soggiorno.<\/span><\/p><p class=\"p2\" style=\"text-align: center;\"><span class=\"s1\">In caso di cancellazione nei termini previsti, la caparra verr\u00e0 restituita entro le 48 ore lavorative da parte della struttura.<\/span><\/p><p>\u00a0<\/p><h3 class=\"p2\" style=\"text-align: center;\"><span class=\"s1\"><b>Casi particolari o cancellazioni causa Covid-19:<\/b><\/span><\/h3><p class=\"p4\" style=\"text-align: center;\"><span class=\"s4\">Il cliente potr\u00e0 recedere dal contratto, senza pagare penali, nei seguenti casi particolari:<\/span><span class=\"s1\"><br \/><\/span><span class=\"s4\">A) fino a 7 giorni prima dell&#8217;arrivo previsto in caso di positivit\u00e0 al Covid-19 documentata;<\/span><span class=\"s1\"><br \/><\/span><span class=\"s4\">B) fino a 7 giorni prima dell&#8217;arrivo previsto per cause di forze maggiore diverse dal Covid-19 ma comunque rientranti nelle cause di impossibilit\u00e0 sopravvenute documentabili e documentate (quali lutti o malattie).<\/span><\/p><p class=\"p4\" style=\"text-align: center;\"><span class=\"s4\">Il cliente che receda dal contratto per le cause di cui ai punti A) e B) del comma che precede saranno invece addebitati rispettivamente:<\/span><span class=\"s1\"><br \/><\/span><span class=\"s4\">1) in caso di recesso oltre 7 giorni prima dell&#8217;arrivo in caso di positivit\u00e0 al Covid-19 documentata, il 50% dell&#8217;importo dovuto per l&#8217;intero soggiorno;<\/span><span class=\"s1\"><br \/><\/span><span class=\"s4\">2) in caso di recesso oltre i 7 giorni prima dell&#8217;arrivo previsto in caso di cause di impossibilit\u00e0 sopravvenuta documentata il 50% per cento dell&#8217;importo dovuto per l&#8217;intero soggiorno.<\/span><\/p><p class=\"p2\" style=\"text-align: center;\"><span class=\"s1\">Non sar\u00e0 applicata alcuna penale di cancellazione qualora risulti impossibile per l\u2019ospite raggiungere il posto prenotato a causa di restrizioni di mobilit\u00e0 imposte dalle autorit\u00e0 a causa dell\u2019evento pandemico.<\/span><\/p><p>\u00a0<\/p><h3 class=\"p1\" style=\"text-align: center;\"><span class=\"s1\">Richiesta di modifica delle date del soggiorno:<\/span><\/h3><p class=\"p2\" style=\"text-align: center;\"><span class=\"s1\">In caso di modifiche delle date, il prezzo del soggiorno verr\u00e0 adeguato alla tariffa attiva nel giorno della richiesta di modifica. Potr\u00e0 essere richiesta la modifica delle date solo se la prenotazione \u00e8 avvenuta direttamente con la struttura e comunicata alla stessa necessariamente via e-mail all\u2019indirizzo info@lapamparelais.it<\/span><\/p><p class=\"p2\" style=\"text-align: center;\">\u00a0<\/p><p class=\"p2\" style=\"text-align: center;\">\u00a0<\/p><p class=\"p2\" style=\"text-align: center;\"><span class=\"s1\"><b>Tariffa non rimborsabile:<\/b><\/span><\/p><p class=\"p2\" style=\"text-align: center;\"><span class=\"s1\">Richiesto il pagamento alla prenotazione del 100% dell\u2019importo del soggiorno.<\/span><\/p><p>\u00a0<\/p><h3 class=\"p1\" style=\"text-align: center;\"><span class=\"s1\">Prima dell&#8217;arrivo<\/span><\/h3><p class=\"p2\" style=\"text-align: center;\"><span class=\"s1\">Entro 7 giorni prima dell\u2019arrivo sar\u00e0 necessario:<\/span><\/p><ul class=\"ul1\" style=\"text-align: center;\"><li class=\"li3\"><span class=\"s4\">Compilare il check-in online mediante il link inviato dalla struttura, inserendo i dati anagrafici di tutti i componenti e il codice fiscale dell\u2019intestatario della prenotazione;<\/span><\/li><li class=\"li3\"><span class=\"s4\">Effettuare il saldo totale del soggiorno ad esclusione della tassa di soggiorno da pagare in loco. In mancanza del saldo entro 7 giorni prima dell\u2019arrivo la prenotazione sar\u00e0 annullata.<\/span><\/li><\/ul><p>\u00a0<\/p><h3 class=\"p2\" style=\"text-align: center;\"><span class=\"s1\"><b>Per soggiorni nei restanti periodi.<\/b><\/span><\/h3><p class=\"p2\" style=\"text-align: center;\"><span class=\"s1\">Entro 2 giorni prima dell\u2019arrivo sar\u00e0 necessario:<\/span><\/p><ul class=\"ul1\"><li class=\"li3\" style=\"text-align: center;\"><span class=\"s4\">Compilare il check-in online mediante il link inviato dalla struttura, inserendo i dati anagrafici di tutti i componenti e il codice fiscale dell\u2019intestatario della prenotazione;<\/span><\/li><li class=\"li3\" style=\"text-align: center;\"><span class=\"s4\">Effettuare il saldo totale del soggiorno a esclusione della tassa di soggiorno da pagare in loco. In mancanza del saldo entro 2 giorni prima la prenotazione sar\u00e0 annullata.<\/span><\/li><\/ul>\t\t\t\t\t\t<\/div>\n\t\t\t\t<\/div>\n\t\t\t\t\t<\/div>\n\t\t\t\t<\/div>\n\t\t\t\t\t\t\t<\/div>","protected":false},"excerpt":{"rendered":"<p>Termini e condizioniL\u2019accettazione del preventivo comporta l\u2019aver preso visione e accettato i termini e le condizioni qui riportate.Politiche di cancellazioneLe richieste di cancellazione dovranno pervenire obbligatoriamente via e-mail all\u2019indirizzo info@lapamparelais.it\u00a0Tariffa non rimborsabile:In caso di modifiche o cancellazione della prenotazione sar\u00e0 applicata la penale del 100% dell&#8217;importo del soggiorno.In caso di cancellazione nei termini previsti, la [&hellip;]<\/p>","protected":false},"author":7,"featured_media":0,"parent":0,"menu_order":0,"comment_status":"closed","ping_status":"closed","template":"","meta":[],"yoast_head":"<!-- This site is optimized with the Yoast SEO plugin v20.12 - https:\/\/yoast.com\/wordpress\/plugins\/seo\/ -->\n<title>Privacy Policy<\/title>\n<meta name=\"description\" content=\"Privacy Policy Per avere informazioni circa i tuoi dati personali raccolti contatta il Titolare.\" \/>\n<meta name=\"robots\" content=\"index, follow, max-snippet:-1, max-image-preview:large, max-video-preview:-1\" \/>\n<link rel=\"canonical\" href=\"https:\/\/lapamparelais.com\/en\/termini-e-condizioni\/\" \/>\n<meta property=\"og:locale\" content=\"en_GB\" \/>\n<meta property=\"og:type\" content=\"article\" \/>\n<meta property=\"og:title\" content=\"Privacy Policy\" \/>\n<meta property=\"og:description\" content=\"Privacy Policy Per avere informazioni circa i tuoi dati personali raccolti contatta il Titolare.\" \/>\n<meta property=\"og:url\" content=\"https:\/\/lapamparelais.com\/en\/termini-e-condizioni\/\" \/>\n<meta property=\"og:site_name\" content=\"Relais La Pampa\" \/>\n<meta property=\"article:modified_time\" content=\"2023-07-21T17:00:58+00:00\" \/>\n<meta property=\"og:image\" content=\"https:\/\/lapamparelais.com\/wp-content\/uploads\/2023\/07\/logo-la-pampa-2023-def.jpg\" \/>\n\t<meta property=\"og:image:width\" content=\"1200\" \/>\n\t<meta property=\"og:image:height\" content=\"675\" \/>\n\t<meta property=\"og:image:type\" content=\"image\/jpeg\" \/>\n<meta name=\"twitter:card\" content=\"summary_large_image\" \/>\n<meta name=\"twitter:label1\" content=\"Estimated reading time\" \/>\n\t<meta name=\"twitter:data1\" content=\"3 minutes\" \/>\n<script type=\"application\/ld+json\" class=\"yoast-schema-graph\">{\"@context\":\"https:\/\/schema.org\",\"@graph\":[{\"@type\":\"WebPage\",\"@id\":\"https:\/\/lapamparelais.com\/termini-e-condizioni\/\",\"url\":\"https:\/\/lapamparelais.com\/termini-e-condizioni\/\",\"name\":\"Privacy Policy\",\"isPartOf\":{\"@id\":\"https:\/\/lapamparelais.com\/#website\"},\"datePublished\":\"2023-07-21T16:57:05+00:00\",\"dateModified\":\"2023-07-21T17:00:58+00:00\",\"description\":\"Privacy Policy Per avere informazioni circa i tuoi dati personali raccolti contatta il Titolare.\",\"breadcrumb\":{\"@id\":\"https:\/\/lapamparelais.com\/termini-e-condizioni\/#breadcrumb\"},\"inLanguage\":\"en-GB\",\"potentialAction\":[{\"@type\":\"ReadAction\",\"target\":[\"https:\/\/lapamparelais.com\/termini-e-condizioni\/\"]}]},{\"@type\":\"BreadcrumbList\",\"@id\":\"https:\/\/lapamparelais.com\/termini-e-condizioni\/#breadcrumb\",\"itemListElement\":[{\"@type\":\"ListItem\",\"position\":1,\"name\":\"Home\",\"item\":\"https:\/\/lapamparelais.com\/\"},{\"@type\":\"ListItem\",\"position\":2,\"name\":\"Termini e condizioni\"}]},{\"@type\":\"WebSite\",\"@id\":\"https:\/\/lapamparelais.com\/#website\",\"url\":\"https:\/\/lapamparelais.com\/\",\"name\":\"Relais La Pampa\",\"description\":\"Circondati di natura\",\"publisher\":{\"@id\":\"https:\/\/lapamparelais.com\/#organization\"},\"potentialAction\":[{\"@type\":\"SearchAction\",\"target\":{\"@type\":\"EntryPoint\",\"urlTemplate\":\"https:\/\/lapamparelais.com\/?s={search_term_string}\"},\"query-input\":\"required name=search_term_string\"}],\"inLanguage\":\"en-GB\"},{\"@type\":\"Organization\",\"@id\":\"https:\/\/lapamparelais.com\/#organization\",\"name\":\"Relais La Pampa\",\"url\":\"https:\/\/lapamparelais.com\/\",\"logo\":{\"@type\":\"ImageObject\",\"inLanguage\":\"en-GB\",\"@id\":\"https:\/\/lapamparelais.com\/#\/schema\/logo\/image\/\",\"url\":\"https:\/\/lapamparelais.com\/wp-content\/uploads\/2023\/07\/logo-la-pampa-2023-def.jpg\",\"contentUrl\":\"https:\/\/lapamparelais.com\/wp-content\/uploads\/2023\/07\/logo-la-pampa-2023-def.jpg\",\"width\":1200,\"height\":675,\"caption\":\"Relais La Pampa\"},\"image\":{\"@id\":\"https:\/\/lapamparelais.com\/#\/schema\/logo\/image\/\"}}]}<\/script>\n<!-- \/ Yoast SEO plugin. -->","yoast_head_json":{"title":"Privacy Policy","description":"Privacy Policy Per avere informazioni circa i tuoi dati personali raccolti contatta il Titolare.","robots":{"index":"index","follow":"follow","max-snippet":"max-snippet:-1","max-image-preview":"max-image-preview:large","max-video-preview":"max-video-preview:-1"},"canonical":"https:\/\/lapamparelais.com\/en\/termini-e-condizioni\/","og_locale":"en_GB","og_type":"article","og_title":"Privacy Policy","og_description":"Privacy Policy Per avere informazioni circa i tuoi dati personali raccolti contatta il Titolare.","og_url":"https:\/\/lapamparelais.com\/en\/termini-e-condizioni\/","og_site_name":"Relais La Pampa","article_modified_time":"2023-07-21T17:00:58+00:00","og_image":[{"width":1200,"height":675,"url":"https:\/\/lapamparelais.com\/wp-content\/uploads\/2023\/07\/logo-la-pampa-2023-def.jpg","type":"image\/jpeg"}],"twitter_card":"summary_large_image","twitter_misc":{"Estimated reading time":"3 minutes"},"schema":{"@context":"https:\/\/schema.org","@graph":[{"@type":"WebPage","@id":"https:\/\/lapamparelais.com\/termini-e-condizioni\/","url":"https:\/\/lapamparelais.com\/termini-e-condizioni\/","name":"Privacy Policy","isPartOf":{"@id":"https:\/\/lapamparelais.com\/#website"},"datePublished":"2023-07-21T16:57:05+00:00","dateModified":"2023-07-21T17:00:58+00:00","description":"Privacy Policy Per avere informazioni circa i tuoi dati personali raccolti contatta il Titolare.","breadcrumb":{"@id":"https:\/\/lapamparelais.com\/termini-e-condizioni\/#breadcrumb"},"inLanguage":"en-GB","potentialAction":[{"@type":"ReadAction","target":["https:\/\/lapamparelais.com\/termini-e-condizioni\/"]}]},{"@type":"BreadcrumbList","@id":"https:\/\/lapamparelais.com\/termini-e-condizioni\/#breadcrumb","itemListElement":[{"@type":"ListItem","position":1,"name":"Home","item":"https:\/\/lapamparelais.com\/"},{"@type":"ListItem","position":2,"name":"Termini e condizioni"}]},{"@type":"WebSite","@id":"https:\/\/lapamparelais.com\/#website","url":"https:\/\/lapamparelais.com\/","name":"Relais La Pampa","description":"Circondati di natura","publisher":{"@id":"https:\/\/lapamparelais.com\/#organization"},"potentialAction":[{"@type":"SearchAction","target":{"@type":"EntryPoint","urlTemplate":"https:\/\/lapamparelais.com\/?s={search_term_string}"},"query-input":"required name=search_term_string"}],"inLanguage":"en-GB"},{"@type":"Organization","@id":"https:\/\/lapamparelais.com\/#organization","name":"Relais La Pampa","url":"https:\/\/lapamparelais.com\/","logo":{"@type":"ImageObject","inLanguage":"en-GB","@id":"https:\/\/lapamparelais.com\/#\/schema\/logo\/image\/","url":"https:\/\/lapamparelais.com\/wp-content\/uploads\/2023\/07\/logo-la-pampa-2023-def.jpg","contentUrl":"https:\/\/lapamparelais.com\/wp-content\/uploads\/2023\/07\/logo-la-pampa-2023-def.jpg","width":1200,"height":675,"caption":"Relais La Pampa"},"image":{"@id":"https:\/\/lapamparelais.com\/#\/schema\/logo\/image\/"}}]}},"_links":{"self":[{"href":"https:\/\/lapamparelais.com\/en\/wp-json\/wp\/v2\/pages\/3040"}],"collection":[{"href":"https:\/\/lapamparelais.com\/en\/wp-json\/wp\/v2\/pages"}],"about":[{"href":"https:\/\/lapamparelais.com\/en\/wp-json\/wp\/v2\/types\/page"}],"author":[{"embeddable":true,"href":"https:\/\/lapamparelais.com\/en\/wp-json\/wp\/v2\/users\/7"}],"replies":[{"embeddable":true,"href":"https:\/\/lapamparelais.com\/en\/wp-json\/wp\/v2\/comments?post=3040"}],"version-history":[{"count":4,"href":"https:\/\/lapamparelais.com\/en\/wp-json\/wp\/v2\/pages\/3040\/revisions"}],"predecessor-version":[{"id":3044,"href":"https:\/\/lapamparelais.com\/en\/wp-json\/wp\/v2\/pages\/3040\/revisions\/3044"}],"wp:attachment":[{"href":"https:\/\/lapamparelais.com\/en\/wp-json\/wp\/v2\/media?parent=3040"}],"curies":[{"name":"wp","href":"https:\/\/api.w.org\/{rel}","templated":true}]}}